{"id":21,"date":"2023-06-28T17:09:31","date_gmt":"2023-06-28T17:09:31","guid":{"rendered":"https:\/\/estronger.com.pe\/?page_id=21"},"modified":"2023-10-03T17:04:00","modified_gmt":"2023-10-03T17:04:00","slug":"nosotros","status":"publish","type":"page","link":"https:\/\/estronger.com.pe\/index.php\/nosotros\/","title":{"rendered":"NOSOTROS"},"content":{"rendered":"\t\t<div data-elementor-type=\"wp-page\" data-elementor-id=\"21\" class=\"elementor elementor-21\">\n\t\t\t\t\t\t<section class=\"elementor-section elementor-top-section elementor-element elementor-element-138a22a elementor-section-full_width elementor-section-height-default elementor-section-height-default\" data-id=\"138a22a\" data-element_type=\"section\" data-e-type=\"section\" data-settings=\"{&quot;background_background&quot;:&quot;classic&quot;}\">\n\t\t\t\t\t\t<div class=\"elementor-container elementor-column-gap-default\">\n\t\t\t\t\t<div class=\"elementor-column elementor-col-100 elementor-top-column elementor-element elementor-element-2d0192d\" data-id=\"2d0192d\" data-element_type=\"column\" data-e-type=\"column\">\n\t\t\t<div class=\"elementor-widget-wrap elementor-element-populated\">\n\t\t\t\t\t\t\t<\/div>\n\t\t<\/div>\n\t\t\t\t\t<\/div>\n\t\t<\/section>\n\t\t\t\t<section class=\"elementor-section elementor-top-section elementor-element elementor-element-7218546 elementor-section-full_width elementor-section-height-default elementor-section-height-default\" data-id=\"7218546\" data-element_type=\"section\" data-e-type=\"section\" data-settings=\"{&quot;background_background&quot;:&quot;classic&quot;}\">\n\t\t\t\t\t\t<div class=\"elementor-container elementor-column-gap-default\">\n\t\t\t\t\t<div class=\"elementor-column elementor-col-50 elementor-top-column elementor-element elementor-element-7ddb688\" data-id=\"7ddb688\" data-element_type=\"column\" data-e-type=\"column\">\n\t\t\t<div class=\"elementor-widget-wrap elementor-element-populated\">\n\t\t\t\t\t\t<div class=\"elementor-element elementor-element-5a5172f elementor-widget elementor-widget-heading\" data-id=\"5a5172f\" data-element_type=\"widget\" data-e-type=\"widget\" data-widget_type=\"heading.default\">\n\t\t\t\t<div class=\"elementor-widget-container\">\n\t\t\t\t\t<h1 class=\"elementor-heading-title elementor-size-default\">MISI\u00d3N<\/h1>\t\t\t\t<\/div>\n\t\t\t\t<\/div>\n\t\t\t\t<div class=\"elementor-element elementor-element-4263c12 elementor-widget__width-initial elementor-widget elementor-widget-text-editor\" data-id=\"4263c12\" data-element_type=\"widget\" data-e-type=\"widget\" data-widget_type=\"text-editor.default\">\n\t\t\t\t<div class=\"elementor-widget-container\">\n\t\t\t\t\t\t\t\t\t<p><span style=\"font-weight: 400;\">Brindar el m\u00e1s alto nivel de satisfacci\u00f3n y confianza en nuestros clientes con nuestras marcas, productos y servicios, brindando un valor agregado e innovador para volvernos un aliado estrat\u00e9gico en sus operaciones y procesos<\/span><\/p>\t\t\t\t\t\t\t\t<\/div>\n\t\t\t\t<\/div>\n\t\t\t\t<div class=\"elementor-element elementor-element-580da20 elementor-widget elementor-widget-image\" data-id=\"580da20\" data-element_type=\"widget\" data-e-type=\"widget\" data-widget_type=\"image.default\">\n\t\t\t\t<div class=\"elementor-widget-container\">\n\t\t\t\t\t\t\t\t\t\t\t\t\t\t\t<img fetchpriority=\"high\" decoding=\"async\" width=\"2560\" height=\"1823\" src=\"https:\/\/estronger.com.pe\/wp-content\/uploads\/2023\/10\/atornillar-tornillo-autorroscante-orificio-fijacion-metal-tira-madera-destornillador-obra-carpintero-scaled.jpg\" class=\"attachment-full size-full wp-image-193\" alt=\"\" srcset=\"https:\/\/estronger.com.pe\/wp-content\/uploads\/2023\/10\/atornillar-tornillo-autorroscante-orificio-fijacion-metal-tira-madera-destornillador-obra-carpintero-scaled.jpg 2560w, https:\/\/estronger.com.pe\/wp-content\/uploads\/2023\/10\/atornillar-tornillo-autorroscante-orificio-fijacion-metal-tira-madera-destornillador-obra-carpintero-300x214.jpg 300w, https:\/\/estronger.com.pe\/wp-content\/uploads\/2023\/10\/atornillar-tornillo-autorroscante-orificio-fijacion-metal-tira-madera-destornillador-obra-carpintero-1024x729.jpg 1024w, https:\/\/estronger.com.pe\/wp-content\/uploads\/2023\/10\/atornillar-tornillo-autorroscante-orificio-fijacion-metal-tira-madera-destornillador-obra-carpintero-768x547.jpg 768w, https:\/\/estronger.com.pe\/wp-content\/uploads\/2023\/10\/atornillar-tornillo-autorroscante-orificio-fijacion-metal-tira-madera-destornillador-obra-carpintero-1536x1094.jpg 1536w, https:\/\/estronger.com.pe\/wp-content\/uploads\/2023\/10\/atornillar-tornillo-autorroscante-orificio-fijacion-metal-tira-madera-destornillador-obra-carpintero-2048x1458.jpg 2048w, https:\/\/estronger.com.pe\/wp-content\/uploads\/2023\/10\/atornillar-tornillo-autorroscante-orificio-fijacion-metal-tira-madera-destornillador-obra-carpintero-600x427.jpg 600w\" sizes=\"(max-width: 2560px) 100vw, 2560px\" \/>\t\t\t\t\t\t\t\t\t\t\t\t\t\t\t<\/div>\n\t\t\t\t<\/div>\n\t\t\t\t\t<\/div>\n\t\t<\/div>\n\t\t\t\t<div class=\"elementor-column elementor-col-50 elementor-top-column elementor-element elementor-element-a876d42\" data-id=\"a876d42\" data-element_type=\"column\" data-e-type=\"column\">\n\t\t\t<div class=\"elementor-widget-wrap elementor-element-populated\">\n\t\t\t\t\t\t<div class=\"elementor-element elementor-element-aef3742 elementor-widget elementor-widget-heading\" data-id=\"aef3742\" data-element_type=\"widget\" data-e-type=\"widget\" data-widget_type=\"heading.default\">\n\t\t\t\t<div class=\"elementor-widget-container\">\n\t\t\t\t\t<h1 class=\"elementor-heading-title elementor-size-default\">VISI\u00d3N<\/h1>\t\t\t\t<\/div>\n\t\t\t\t<\/div>\n\t\t\t\t<div class=\"elementor-element elementor-element-6ed845d elementor-widget__width-initial elementor-widget elementor-widget-text-editor\" data-id=\"6ed845d\" data-element_type=\"widget\" data-e-type=\"widget\" data-widget_type=\"text-editor.default\">\n\t\t\t\t<div class=\"elementor-widget-container\">\n\t\t\t\t\t\t\t\t\t<p><span style=\"font-weight: 400;\">Ser l\u00edderes en la comercializaci\u00f3n y distribuci\u00f3n de nuestros productos, convirti\u00e9ndonos en la primera opci\u00f3n de compra entre nuestros clientes; asegurando el desarrollo humano y el compromiso de nuestros colaboradores con los objetivos y valores.<\/span><\/p>\t\t\t\t\t\t\t\t<\/div>\n\t\t\t\t<\/div>\n\t\t\t\t<div class=\"elementor-element elementor-element-2343ead elementor-widget elementor-widget-image\" data-id=\"2343ead\" data-element_type=\"widget\" data-e-type=\"widget\" data-widget_type=\"image.default\">\n\t\t\t\t<div class=\"elementor-widget-container\">\n\t\t\t\t\t\t\t\t\t\t\t\t\t\t\t<img decoding=\"async\" width=\"2560\" height=\"1707\" src=\"https:\/\/estronger.com.pe\/wp-content\/uploads\/2023\/10\/hombre-tiro-medio-compras-nino-scaled.jpg\" class=\"attachment-full size-full wp-image-195\" alt=\"\" srcset=\"https:\/\/estronger.com.pe\/wp-content\/uploads\/2023\/10\/hombre-tiro-medio-compras-nino-scaled.jpg 2560w, https:\/\/estronger.com.pe\/wp-content\/uploads\/2023\/10\/hombre-tiro-medio-compras-nino-300x200.jpg 300w, https:\/\/estronger.com.pe\/wp-content\/uploads\/2023\/10\/hombre-tiro-medio-compras-nino-1024x683.jpg 1024w, https:\/\/estronger.com.pe\/wp-content\/uploads\/2023\/10\/hombre-tiro-medio-compras-nino-768x512.jpg 768w, https:\/\/estronger.com.pe\/wp-content\/uploads\/2023\/10\/hombre-tiro-medio-compras-nino-1536x1024.jpg 1536w, https:\/\/estronger.com.pe\/wp-content\/uploads\/2023\/10\/hombre-tiro-medio-compras-nino-2048x1365.jpg 2048w, https:\/\/estronger.com.pe\/wp-content\/uploads\/2023\/10\/hombre-tiro-medio-compras-nino-600x400.jpg 600w\" sizes=\"(max-width: 2560px) 100vw, 2560px\" \/>\t\t\t\t\t\t\t\t\t\t\t\t\t\t\t<\/div>\n\t\t\t\t<\/div>\n\t\t\t\t\t<\/div>\n\t\t<\/div>\n\t\t\t\t\t<\/div>\n\t\t<\/section>\n\t\t\t\t<section class=\"elementor-section elementor-top-section elementor-element elementor-element-b2728fd elementor-section-full_width elementor-section-height-default elementor-section-height-default\" data-id=\"b2728fd\" data-element_type=\"section\" data-e-type=\"section\" data-settings=\"{&quot;background_background&quot;:&quot;gradient&quot;}\">\n\t\t\t\t\t\t<div class=\"elementor-container elementor-column-gap-default\">\n\t\t\t\t\t<div class=\"elementor-column elementor-col-33 elementor-top-column elementor-element elementor-element-f0177d1\" data-id=\"f0177d1\" data-element_type=\"column\" data-e-type=\"column\">\n\t\t\t<div class=\"elementor-widget-wrap elementor-element-populated\">\n\t\t\t\t\t\t<div class=\"elementor-element elementor-element-b2c1b7e elementor-position-top elementor-widget elementor-widget-image-box\" data-id=\"b2c1b7e\" data-element_type=\"widget\" data-e-type=\"widget\" data-widget_type=\"image-box.default\">\n\t\t\t\t<div class=\"elementor-widget-container\">\n\t\t\t\t\t<div class=\"elementor-image-box-wrapper\"><figure class=\"elementor-image-box-img\"><img decoding=\"async\" width=\"258\" height=\"291\" src=\"https:\/\/estronger.com.pe\/wp-content\/uploads\/2023\/06\/Recurso-2.png\" class=\"attachment-full size-full wp-image-26\" alt=\"\" \/><\/figure><div class=\"elementor-image-box-content\"><h3 class=\"elementor-image-box-title\">HONESTIDAD<\/h3><p class=\"elementor-image-box-description\">Somos transparentes con el trabajo que hacemos, cada distribuci\u00f3n se realiza con los cuidados debidos. Brindando confianza en cada entrega.<\/p><\/div><\/div>\t\t\t\t<\/div>\n\t\t\t\t<\/div>\n\t\t\t\t\t<\/div>\n\t\t<\/div>\n\t\t\t\t<div class=\"elementor-column elementor-col-33 elementor-top-column elementor-element elementor-element-614323e\" data-id=\"614323e\" data-element_type=\"column\" data-e-type=\"column\">\n\t\t\t<div class=\"elementor-widget-wrap elementor-element-populated\">\n\t\t\t\t\t\t<div class=\"elementor-element elementor-element-6cf8981 elementor-position-top elementor-widget elementor-widget-image-box\" data-id=\"6cf8981\" data-element_type=\"widget\" data-e-type=\"widget\" data-widget_type=\"image-box.default\">\n\t\t\t\t<div class=\"elementor-widget-container\">\n\t\t\t\t\t<div class=\"elementor-image-box-wrapper\"><figure class=\"elementor-image-box-img\"><img loading=\"lazy\" decoding=\"async\" width=\"336\" height=\"337\" src=\"https:\/\/estronger.com.pe\/wp-content\/uploads\/2023\/06\/Recurso-4.png\" class=\"attachment-full size-full wp-image-28\" alt=\"\" srcset=\"https:\/\/estronger.com.pe\/wp-content\/uploads\/2023\/06\/Recurso-4.png 336w, https:\/\/estronger.com.pe\/wp-content\/uploads\/2023\/06\/Recurso-4-300x300.png 300w, https:\/\/estronger.com.pe\/wp-content\/uploads\/2023\/06\/Recurso-4-150x150.png 150w, https:\/\/estronger.com.pe\/wp-content\/uploads\/2023\/06\/Recurso-4-100x100.png 100w\" sizes=\"(max-width: 336px) 100vw, 336px\" \/><\/figure><div class=\"elementor-image-box-content\"><h3 class=\"elementor-image-box-title\">RESPONSABILIDAD<\/h3><p class=\"elementor-image-box-description\">Nuestro personal est\u00e1 altamente capacitado y cumple con sus obligaciones de manera integra y r\u00e1pida.<\/p><\/div><\/div>\t\t\t\t<\/div>\n\t\t\t\t<\/div>\n\t\t\t\t\t<\/div>\n\t\t<\/div>\n\t\t\t\t<div class=\"elementor-column elementor-col-33 elementor-top-column elementor-element elementor-element-87f9776\" data-id=\"87f9776\" data-element_type=\"column\" data-e-type=\"column\">\n\t\t\t<div class=\"elementor-widget-wrap elementor-element-populated\">\n\t\t\t\t\t\t<div class=\"elementor-element elementor-element-c3b0909 elementor-position-top elementor-widget elementor-widget-image-box\" data-id=\"c3b0909\" data-element_type=\"widget\" data-e-type=\"widget\" data-widget_type=\"image-box.default\">\n\t\t\t\t<div class=\"elementor-widget-container\">\n\t\t\t\t\t<div class=\"elementor-image-box-wrapper\"><figure class=\"elementor-image-box-img\"><img loading=\"lazy\" decoding=\"async\" width=\"294\" height=\"307\" src=\"https:\/\/estronger.com.pe\/wp-content\/uploads\/2023\/06\/Recurso-3.png\" class=\"attachment-full size-full wp-image-27\" alt=\"\" srcset=\"https:\/\/estronger.com.pe\/wp-content\/uploads\/2023\/06\/Recurso-3.png 294w, https:\/\/estronger.com.pe\/wp-content\/uploads\/2023\/06\/Recurso-3-287x300.png 287w\" sizes=\"(max-width: 294px) 100vw, 294px\" \/><\/figure><div class=\"elementor-image-box-content\"><h3 class=\"elementor-image-box-title\">COMPROMISO<\/h3><p class=\"elementor-image-box-description\">Tomamos muy enserio nuestro trabajo, por ello cada acci\u00f3n que realizamos lo hacemos en el momento pactado para no afectar nuestras entregas y mucho menos el producto.<\/p><\/div><\/div>\t\t\t\t<\/div>\n\t\t\t\t<\/div>\n\t\t\t\t\t<\/div>\n\t\t<\/div>\n\t\t\t\t\t<\/div>\n\t\t<\/section>\n\t\t\t\t<section class=\"elementor-section elementor-top-section elementor-element elementor-element-07a31da elementor-section-boxed elementor-section-height-default elementor-section-height-default\" data-id=\"07a31da\" data-element_type=\"section\" data-e-type=\"section\">\n\t\t\t\t\t\t<div class=\"elementor-container elementor-column-gap-default\">\n\t\t\t\t\t<div class=\"elementor-column elementor-col-100 elementor-top-column elementor-element elementor-element-5bacba8\" data-id=\"5bacba8\" data-element_type=\"column\" data-e-type=\"column\">\n\t\t\t<div class=\"elementor-widget-wrap elementor-element-populated\">\n\t\t\t\t\t\t<div class=\"elementor-element elementor-element-902f0ff elementor-widget elementor-widget-spacer\" data-id=\"902f0ff\" data-element_type=\"widget\" data-e-type=\"widget\" data-widget_type=\"spacer.default\">\n\t\t\t\t<div class=\"elementor-widget-container\">\n\t\t\t\t\t\t\t<div class=\"elementor-spacer\">\n\t\t\t<div class=\"elementor-spacer-inner\"><\/div>\n\t\t<\/div>\n\t\t\t\t\t\t<\/div>\n\t\t\t\t<\/div>\n\t\t\t\t\t<\/div>\n\t\t<\/div>\n\t\t\t\t\t<\/div>\n\t\t<\/section>\n\t\t\t\t<\/div>\n\t\t","protected":false},"excerpt":{"rendered":"<p>MISI\u00d3N Brindar el m\u00e1s alto nivel de satisfacci\u00f3n y confianza en nuestros clientes con nuestras marcas, productos y servicios, brindando un valor agregado e innovador para volvernos un aliado estrat\u00e9gico en sus operaciones y procesos VISI\u00d3N Ser l\u00edderes en la comercializaci\u00f3n y distribuci\u00f3n de nuestros productos, convirti\u00e9ndonos en la primera opci\u00f3n de compra entre nuestros [&hellip;]<\/p>\n","protected":false},"author":1,"featured_media":0,"parent":0,"menu_order":0,"comment_status":"closed","ping_status":"closed","template":"","meta":{"site-sidebar-layout":"no-sidebar","site-content-layout":"page-builder","ast-site-content-layout":"default","site-content-style":"default","site-sidebar-style":"default","ast-global-header-display":"","ast-banner-title-visibility":"","ast-main-header-display":"","ast-hfb-above-header-display":"","ast-hfb-below-header-display":"","ast-hfb-mobile-header-display":"","site-post-title":"disabled","ast-breadcrumbs-content":"","ast-featured-img":"disabled","footer-sml-layout":"","ast-disable-related-posts":"","theme-transparent-header-meta":"","adv-header-id-meta":"","stick-header-meta":"","header-above-stick-meta":"","header-main-stick-meta":"","header-below-stick-meta":"","astra-migrate-meta-layouts":"default","ast-page-background-enabled":"default","ast-page-background-meta":{"desktop":{"background-color":"var(--ast-global-color-4)","background-image":"","background-repeat":"repeat","background-position":"center center","background-size":"auto","background-attachment":"scroll","background-type":"","background-media":"","overlay-type":"","overlay-color":"","overlay-opacity":"","overlay-gradient":""},"tablet":{"background-color":"","background-image":"","background-repeat":"repeat","background-position":"center center","background-size":"auto","background-attachment":"scroll","background-type":"","background-media":"","overlay-type":"","overlay-color":"","overlay-opacity":"","overlay-gradient":""},"mobile":{"background-color":"","background-image":"","background-repeat":"repeat","background-position":"center center","background-size":"auto","background-attachment":"scroll","background-type":"","background-media":"","overlay-type":"","overlay-color":"","overlay-opacity":"","overlay-gradient":""}},"ast-content-background-meta":{"desktop":{"background-color":"var(--ast-global-color-5)","background-image":"","background-repeat":"repeat","background-position":"center center","background-size":"auto","background-attachment":"scroll","background-type":"","background-media":"","overlay-type":"","overlay-color":"","overlay-opacity":"","overlay-gradient":""},"tablet":{"background-color":"var(--ast-global-color-5)","background-image":"","background-repeat":"repeat","background-position":"center center","background-size":"auto","background-attachment":"scroll","background-type":"","background-media":"","overlay-type":"","overlay-color":"","overlay-opacity":"","overlay-gradient":""},"mobile":{"background-color":"var(--ast-global-color-5)","background-image":"","background-repeat":"repeat","background-position":"center center","background-size":"auto","background-attachment":"scroll","background-type":"","background-media":"","overlay-type":"","overlay-color":"","overlay-opacity":"","overlay-gradient":""}},"footnotes":""},"class_list":["post-21","page","type-page","status-publish","hentry"],"yoast_head":"<!-- This site is optimized with the Yoast SEO plugin v27.4 - https:\/\/yoast.com\/product\/yoast-seo-wordpress\/ -->\n<title>NOSOTROS -<\/title>\n<meta name=\"robots\" content=\"index, follow, max-snippet:-1, max-image-preview:large, max-video-preview:-1\" \/>\n<link rel=\"canonical\" href=\"https:\/\/estronger.com.pe\/index.php\/nosotros\/\" \/>\n<meta property=\"og:locale\" content=\"es_ES\" \/>\n<meta property=\"og:type\" content=\"article\" \/>\n<meta property=\"og:title\" content=\"NOSOTROS -\" \/>\n<meta property=\"og:description\" content=\"MISI\u00d3N Brindar el m\u00e1s alto nivel de satisfacci\u00f3n y confianza en nuestros clientes con nuestras marcas, productos y servicios, brindando un valor agregado e innovador para volvernos un aliado estrat\u00e9gico en sus operaciones y procesos VISI\u00d3N Ser l\u00edderes en la comercializaci\u00f3n y distribuci\u00f3n de nuestros productos, convirti\u00e9ndonos en la primera opci\u00f3n de compra entre nuestros [&hellip;]\" \/>\n<meta property=\"og:url\" content=\"https:\/\/estronger.com.pe\/index.php\/nosotros\/\" \/>\n<meta property=\"article:modified_time\" content=\"2023-10-03T17:04:00+00:00\" \/>\n<meta property=\"og:image\" content=\"https:\/\/estronger.com.pe\/wp-content\/uploads\/2023\/10\/atornillar-tornillo-autorroscante-orificio-fijacion-metal-tira-madera-destornillador-obra-carpintero-scaled.jpg\" \/>\n<meta name=\"twitter:card\" content=\"summary_large_image\" \/>\n<meta name=\"twitter:label1\" content=\"Tiempo de lectura\" \/>\n\t<meta name=\"twitter:data1\" content=\"2 minutos\" \/>\n<script type=\"application\/ld+json\" class=\"yoast-schema-graph\">{\"@context\":\"https:\\\/\\\/schema.org\",\"@graph\":[{\"@type\":\"WebPage\",\"@id\":\"https:\\\/\\\/estronger.com.pe\\\/index.php\\\/nosotros\\\/\",\"url\":\"https:\\\/\\\/estronger.com.pe\\\/index.php\\\/nosotros\\\/\",\"name\":\"NOSOTROS -\",\"isPartOf\":{\"@id\":\"https:\\\/\\\/estronger.com.pe\\\/#website\"},\"primaryImageOfPage\":{\"@id\":\"https:\\\/\\\/estronger.com.pe\\\/index.php\\\/nosotros\\\/#primaryimage\"},\"image\":{\"@id\":\"https:\\\/\\\/estronger.com.pe\\\/index.php\\\/nosotros\\\/#primaryimage\"},\"thumbnailUrl\":\"https:\\\/\\\/estronger.com.pe\\\/wp-content\\\/uploads\\\/2023\\\/10\\\/atornillar-tornillo-autorroscante-orificio-fijacion-metal-tira-madera-destornillador-obra-carpintero-scaled.jpg\",\"datePublished\":\"2023-06-28T17:09:31+00:00\",\"dateModified\":\"2023-10-03T17:04:00+00:00\",\"breadcrumb\":{\"@id\":\"https:\\\/\\\/estronger.com.pe\\\/index.php\\\/nosotros\\\/#breadcrumb\"},\"inLanguage\":\"es\",\"potentialAction\":[{\"@type\":\"ReadAction\",\"target\":[\"https:\\\/\\\/estronger.com.pe\\\/index.php\\\/nosotros\\\/\"]}]},{\"@type\":\"ImageObject\",\"inLanguage\":\"es\",\"@id\":\"https:\\\/\\\/estronger.com.pe\\\/index.php\\\/nosotros\\\/#primaryimage\",\"url\":\"https:\\\/\\\/estronger.com.pe\\\/wp-content\\\/uploads\\\/2023\\\/10\\\/atornillar-tornillo-autorroscante-orificio-fijacion-metal-tira-madera-destornillador-obra-carpintero-scaled.jpg\",\"contentUrl\":\"https:\\\/\\\/estronger.com.pe\\\/wp-content\\\/uploads\\\/2023\\\/10\\\/atornillar-tornillo-autorroscante-orificio-fijacion-metal-tira-madera-destornillador-obra-carpintero-scaled.jpg\",\"width\":2560,\"height\":1823,\"caption\":\"Screwing a self-tapping screw into a metal fastening hole on a wood strip using a screwdriver, the work of a carpenter.\"},{\"@type\":\"BreadcrumbList\",\"@id\":\"https:\\\/\\\/estronger.com.pe\\\/index.php\\\/nosotros\\\/#breadcrumb\",\"itemListElement\":[{\"@type\":\"ListItem\",\"position\":1,\"name\":\"Portada\",\"item\":\"https:\\\/\\\/estronger.com.pe\\\/\"},{\"@type\":\"ListItem\",\"position\":2,\"name\":\"NOSOTROS\"}]},{\"@type\":\"WebSite\",\"@id\":\"https:\\\/\\\/estronger.com.pe\\\/#website\",\"url\":\"https:\\\/\\\/estronger.com.pe\\\/\",\"name\":\"\",\"description\":\"\",\"potentialAction\":[{\"@type\":\"SearchAction\",\"target\":{\"@type\":\"EntryPoint\",\"urlTemplate\":\"https:\\\/\\\/estronger.com.pe\\\/?s={search_term_string}\"},\"query-input\":{\"@type\":\"PropertyValueSpecification\",\"valueRequired\":true,\"valueName\":\"search_term_string\"}}],\"inLanguage\":\"es\"}]}<\/script>\n<!-- \/ Yoast SEO plugin. -->","yoast_head_json":{"title":"NOSOTROS -","robots":{"index":"index","follow":"follow","max-snippet":"max-snippet:-1","max-image-preview":"max-image-preview:large","max-video-preview":"max-video-preview:-1"},"canonical":"https:\/\/estronger.com.pe\/index.php\/nosotros\/","og_locale":"es_ES","og_type":"article","og_title":"NOSOTROS -","og_description":"MISI\u00d3N Brindar el m\u00e1s alto nivel de satisfacci\u00f3n y confianza en nuestros clientes con nuestras marcas, productos y servicios, brindando un valor agregado e innovador para volvernos un aliado estrat\u00e9gico en sus operaciones y procesos VISI\u00d3N Ser l\u00edderes en la comercializaci\u00f3n y distribuci\u00f3n de nuestros productos, convirti\u00e9ndonos en la primera opci\u00f3n de compra entre nuestros [&hellip;]","og_url":"https:\/\/estronger.com.pe\/index.php\/nosotros\/","article_modified_time":"2023-10-03T17:04:00+00:00","og_image":[{"url":"https:\/\/estronger.com.pe\/wp-content\/uploads\/2023\/10\/atornillar-tornillo-autorroscante-orificio-fijacion-metal-tira-madera-destornillador-obra-carpintero-scaled.jpg","type":"","width":"","height":""}],"twitter_card":"summary_large_image","twitter_misc":{"Tiempo de lectura":"2 minutos"},"schema":{"@context":"https:\/\/schema.org","@graph":[{"@type":"WebPage","@id":"https:\/\/estronger.com.pe\/index.php\/nosotros\/","url":"https:\/\/estronger.com.pe\/index.php\/nosotros\/","name":"NOSOTROS -","isPartOf":{"@id":"https:\/\/estronger.com.pe\/#website"},"primaryImageOfPage":{"@id":"https:\/\/estronger.com.pe\/index.php\/nosotros\/#primaryimage"},"image":{"@id":"https:\/\/estronger.com.pe\/index.php\/nosotros\/#primaryimage"},"thumbnailUrl":"https:\/\/estronger.com.pe\/wp-content\/uploads\/2023\/10\/atornillar-tornillo-autorroscante-orificio-fijacion-metal-tira-madera-destornillador-obra-carpintero-scaled.jpg","datePublished":"2023-06-28T17:09:31+00:00","dateModified":"2023-10-03T17:04:00+00:00","breadcrumb":{"@id":"https:\/\/estronger.com.pe\/index.php\/nosotros\/#breadcrumb"},"inLanguage":"es","potentialAction":[{"@type":"ReadAction","target":["https:\/\/estronger.com.pe\/index.php\/nosotros\/"]}]},{"@type":"ImageObject","inLanguage":"es","@id":"https:\/\/estronger.com.pe\/index.php\/nosotros\/#primaryimage","url":"https:\/\/estronger.com.pe\/wp-content\/uploads\/2023\/10\/atornillar-tornillo-autorroscante-orificio-fijacion-metal-tira-madera-destornillador-obra-carpintero-scaled.jpg","contentUrl":"https:\/\/estronger.com.pe\/wp-content\/uploads\/2023\/10\/atornillar-tornillo-autorroscante-orificio-fijacion-metal-tira-madera-destornillador-obra-carpintero-scaled.jpg","width":2560,"height":1823,"caption":"Screwing a self-tapping screw into a metal fastening hole on a wood strip using a screwdriver, the work of a carpenter."},{"@type":"BreadcrumbList","@id":"https:\/\/estronger.com.pe\/index.php\/nosotros\/#breadcrumb","itemListElement":[{"@type":"ListItem","position":1,"name":"Portada","item":"https:\/\/estronger.com.pe\/"},{"@type":"ListItem","position":2,"name":"NOSOTROS"}]},{"@type":"WebSite","@id":"https:\/\/estronger.com.pe\/#website","url":"https:\/\/estronger.com.pe\/","name":"","description":"","potentialAction":[{"@type":"SearchAction","target":{"@type":"EntryPoint","urlTemplate":"https:\/\/estronger.com.pe\/?s={search_term_string}"},"query-input":{"@type":"PropertyValueSpecification","valueRequired":true,"valueName":"search_term_string"}}],"inLanguage":"es"}]}},"_links":{"self":[{"href":"https:\/\/estronger.com.pe\/index.php\/wp-json\/wp\/v2\/pages\/21","targetHints":{"allow":["GET"]}}],"collection":[{"href":"https:\/\/estronger.com.pe\/index.php\/wp-json\/wp\/v2\/pages"}],"about":[{"href":"https:\/\/estronger.com.pe\/index.php\/wp-json\/wp\/v2\/types\/page"}],"author":[{"embeddable":true,"href":"https:\/\/estronger.com.pe\/index.php\/wp-json\/wp\/v2\/users\/1"}],"replies":[{"embeddable":true,"href":"https:\/\/estronger.com.pe\/index.php\/wp-json\/wp\/v2\/comments?post=21"}],"version-history":[{"count":13,"href":"https:\/\/estronger.com.pe\/index.php\/wp-json\/wp\/v2\/pages\/21\/revisions"}],"predecessor-version":[{"id":198,"href":"https:\/\/estronger.com.pe\/index.php\/wp-json\/wp\/v2\/pages\/21\/revisions\/198"}],"wp:attachment":[{"href":"https:\/\/estronger.com.pe\/index.php\/wp-json\/wp\/v2\/media?parent=21"}],"curies":[{"name":"wp","href":"https:\/\/api.w.org\/{rel}","templated":true}]}}